{"id":70,"date":"2015-08-02T12:28:17","date_gmt":"2015-08-02T10:28:17","guid":{"rendered":"http:\/\/www.durch-die-linse.at\/suedamerika-blog\/?page_id=70"},"modified":"2015-09-02T17:35:24","modified_gmt":"2015-09-02T15:35:24","slug":"karo","status":"publish","type":"page","link":"https:\/\/www.durch-die-linse.at\/suedamerika-blog\/ueberuns\/karo\/","title":{"rendered":"Karo"},"content":{"rendered":"<p><b>Karoline Eichholzer<img loading=\"lazy\" decoding=\"async\" class=\" size-medium wp-image-147 alignright\" src=\"http:\/\/www.durch-die-linse.at\/suedamerika-blog\/wp-content\/uploads\/2015\/08\/QI7A9875_sw-301x201.jpg\" alt=\"QI7A9875_sw\" width=\"301\" height=\"201\" srcset=\"https:\/\/www.durch-die-linse.at\/suedamerika-blog\/wp-content\/uploads\/2015\/08\/QI7A9875_sw-301x201.jpg 301w, https:\/\/www.durch-die-linse.at\/suedamerika-blog\/wp-content\/uploads\/2015\/08\/QI7A9875_sw-150x100.jpg 150w, https:\/\/www.durch-die-linse.at\/suedamerika-blog\/wp-content\/uploads\/2015\/08\/QI7A9875_sw-1024x683.jpg 1024w\" sizes=\"auto, (max-width: 301px) 100vw, 301px\" \/><\/b><\/p>\n<p><i>am 29.8.2015<\/i><br \/>\nVoller Vorfreude auf das Rad-Abenteuer in S\u00fcdamerika.<\/p>\n<p>Muskeltraining am Drauradweg absolviert. Den Gmundnerberg mit 18kg Zugep\u00e4ck und Rad in 50min erklommen (884Hm, tlw. 12%Steigung)<\/p>\n<p>Bei 35\u00b0 durch das schattenlose M\u00fchlviertel gekurvt.<br \/>\nKetten\u00f6l von den Beinen geschrubbt. Hornhaut an den Fingern vom Radm\u00e4ntel wechseln.<br \/>\nAbgeh\u00e4rtet, vorbereitet!<\/p>\n<p>Status quo der Radlmuskulatur:<\/p>\n<p>Wadenumfang: \u00a032cm<\/p>\n<p><span style=\"font-size: 0.875rem; line-height: 1.65;\">Oberschenkelumfang: 48cm<\/span><\/p>\n<p>&nbsp;<\/p>\n<p>Auf geht`s! \ud83d\ude42<\/p>\n","protected":false},"excerpt":{"rendered":"<p>Karoline Eichholzer am 29.8.2015 Voller Vorfreude auf das Rad-Abenteuer in S\u00fcdamerika. Muskeltraining am Drauradweg absolviert. Den Gmundnerberg mit 18kg Zugep\u00e4ck und Rad in 50min erklommen (884Hm, tlw. 12%Steigung) Bei 35\u00b0 durch das schattenlose M\u00fchlviertel gekurvt. Ketten\u00f6l von den Beinen geschrubbt. Hornhaut an den Fingern vom Radm\u00e4ntel wechseln. Abgeh\u00e4rtet, vorbereitet! Status quo der Radlmuskulatur: Wadenumfang: \u00a032cm<span class=\"excerpt-ellipsis\">&#8230;<\/span><\/p>\n<p><a class=\"more-link\" href=\"https:\/\/www.durch-die-linse.at\/suedamerika-blog\/ueberuns\/karo\/\" itemprop=\"url\">Read More<\/a><\/p>\n","protected":false},"author":3,"featured_media":0,"parent":59,"menu_order":0,"comment_status":"closed","ping_status":"closed","template":"","meta":{"ngg_post_thumbnail":0,"footnotes":""},"class_list":["post-70","page","type-page","status-publish","hentry"],"_links":{"self":[{"href":"https:\/\/www.durch-die-linse.at\/suedamerika-blog\/wp-json\/wp\/v2\/pages\/70","targetHints":{"allow":["GET"]}}],"collection":[{"href":"https:\/\/www.durch-die-linse.at\/suedamerika-blog\/wp-json\/wp\/v2\/pages"}],"about":[{"href":"https:\/\/www.durch-die-linse.at\/suedamerika-blog\/wp-json\/wp\/v2\/types\/page"}],"author":[{"embeddable":true,"href":"https:\/\/www.durch-die-linse.at\/suedamerika-blog\/wp-json\/wp\/v2\/users\/3"}],"replies":[{"embeddable":true,"href":"https:\/\/www.durch-die-linse.at\/suedamerika-blog\/wp-json\/wp\/v2\/comments?post=70"}],"version-history":[{"count":6,"href":"https:\/\/www.durch-die-linse.at\/suedamerika-blog\/wp-json\/wp\/v2\/pages\/70\/revisions"}],"predecessor-version":[{"id":174,"href":"https:\/\/www.durch-die-linse.at\/suedamerika-blog\/wp-json\/wp\/v2\/pages\/70\/revisions\/174"}],"up":[{"embeddable":true,"href":"https:\/\/www.durch-die-linse.at\/suedamerika-blog\/wp-json\/wp\/v2\/pages\/59"}],"wp:attachment":[{"href":"https:\/\/www.durch-die-linse.at\/suedamerika-blog\/wp-json\/wp\/v2\/media?parent=70"}],"curies":[{"name":"wp","href":"https:\/\/api.w.org\/{rel}","templated":true}]}}