{"id":68,"date":"2015-08-02T12:25:15","date_gmt":"2015-08-02T10:25:15","guid":{"rendered":"http:\/\/www.durch-die-linse.at\/suedamerika-blog\/?page_id=68"},"modified":"2015-09-01T21:42:26","modified_gmt":"2015-09-01T19:42:26","slug":"sandra","status":"publish","type":"page","link":"https:\/\/www.durch-die-linse.at\/suedamerika-blog\/ueberuns\/sandra\/","title":{"rendered":"Sandra"},"content":{"rendered":"<p><strong>Sandra Weish\u00e4upl<\/strong><\/p>\n<p>waschechte M\u00fchlviertlerin, ausgezogen um die Welt zu erobern :-).<a href=\"http:\/\/www.durch-die-linse.at\/suedamerika-blog\/wp-content\/uploads\/2015\/08\/IMG_2026_web.jpg\"><img loading=\"lazy\" decoding=\"async\" class=\" size-medium wp-image-149 alignright\" src=\"http:\/\/www.durch-die-linse.at\/suedamerika-blog\/wp-content\/uploads\/2015\/08\/IMG_2026_web-301x226.jpg\" alt=\"IMG_2026_web\" width=\"301\" height=\"226\" srcset=\"https:\/\/www.durch-die-linse.at\/suedamerika-blog\/wp-content\/uploads\/2015\/08\/IMG_2026_web-301x226.jpg 301w, https:\/\/www.durch-die-linse.at\/suedamerika-blog\/wp-content\/uploads\/2015\/08\/IMG_2026_web-150x113.jpg 150w, https:\/\/www.durch-die-linse.at\/suedamerika-blog\/wp-content\/uploads\/2015\/08\/IMG_2026_web-1024x768.jpg 1024w\" sizes=\"auto, (max-width: 301px) 100vw, 301px\" \/><\/a><\/p>\n<p>Mit 17 raus um\u00a08 Jahre in Linz zu leben und schlie\u00dflich in Gmunden\u00a0zu landen.<br \/>\nReisen und Fotografieren&#8230; und der Versuch\u00a0festzuhalten was eigentlich nur erLEBT werden kann!<br \/>\nMit 17 war ich zum ersten Mal in Hastings (S\u00fcdengland), gefunden hab ich einen Herzensplatz, der mich in der Folge 11 oder 12 Mal zur\u00fcckkehren lie\u00df (einmal sogar f\u00fcr ein ganzes Monat!), meistens dann, wenn die Akkus leer waren oder besonders voll.<\/p>\n<p>Auf den Geschmack gekommen und mir eingebildet, dass die ganze Welt &#8222;auf mich wartet&#8220;, wurde das Reisen zur Sucht &#8211; im positiven Sinne.<br \/>\nEs folgten Griechenland, Schottland, Irland, Island, D\u00e4nemark, Belgien, Norwegen, Schweden, Finnland, Moskau, Sylt, Tschechien, Spanien, Portugal, Frankreich, Italien, Kroatien, Schweiz, Polen, New York, Alaska, der Norden Kanadas, S\u00fcdafrika und 3 Monate Australien.<br \/>\nUnd nun folgt das vielleicht gr\u00f6\u00dfte Abenteuer &#8211; <strong>mit dem Rad durch S\u00fcdamerika!<\/strong><\/p>\n<p>Reisen ist die beste Art sich selbst kennenzulernen, sich weiterzuentwickeln und weltoffen zu werden!<\/p>\n<p>Hier noch eine <strong>Ode an das Fahrrad<\/strong>, geschrieben von einem lieben Menschen, <strong><em>Klaus Kohlpaintner<\/em><\/strong>:<\/p>\n<p><em>Oh Fahrrad, mein Fahrrad,<\/em><br \/>\n<em> du tr\u00e4gst auf deinem Sattel mich weit.<\/em><br \/>\n<em> Rollst hurtig mit mir durch die Ferne,<\/em><br \/>\n<em> bin ich vom Tequila auch schon breit.<\/em><\/p>\n<p><em>Holperst mit mir durch die H\u00fcgel,<\/em><br \/>\n<em> \u00fcber Stock und \u00fcber Stein.<\/em><br \/>\n<em> Bist auch abends an meiner Seite,<\/em><br \/>\n<em> l\u00e4sst mich niemals allein.<\/em><\/p>\n<p><em>Oh Fahrrad, mein Fahrrad,<\/em><br \/>\n<em> rostest still vor dich hin<\/em><br \/>\n<em> und f\u00e4llst erst auseinander,<\/em><br \/>\n<em> wenn ich angekommen bin.<\/em><\/p>\n<p>&nbsp;<\/p>\n","protected":false},"excerpt":{"rendered":"<p>Sandra Weish\u00e4upl waschechte M\u00fchlviertlerin, ausgezogen um die Welt zu erobern :-). Mit 17 raus um\u00a08 Jahre in Linz zu leben und schlie\u00dflich in Gmunden\u00a0zu landen. Reisen und Fotografieren&#8230; und der Versuch\u00a0festzuhalten was eigentlich nur erLEBT werden kann! Mit 17 war ich zum ersten Mal in Hastings (S\u00fcdengland), gefunden hab ich einen Herzensplatz, der mich in<span class=\"excerpt-ellipsis\">&#8230;<\/span><\/p>\n<p><a class=\"more-link\" href=\"https:\/\/www.durch-die-linse.at\/suedamerika-blog\/ueberuns\/sandra\/\" itemprop=\"url\">Read More<\/a><\/p>\n","protected":false},"author":3,"featured_media":0,"parent":59,"menu_order":0,"comment_status":"closed","ping_status":"closed","template":"","meta":{"ngg_post_thumbnail":0,"footnotes":""},"class_list":["post-68","page","type-page","status-publish","hentry"],"_links":{"self":[{"href":"https:\/\/www.durch-die-linse.at\/suedamerika-blog\/wp-json\/wp\/v2\/pages\/68","targetHints":{"allow":["GET"]}}],"collection":[{"href":"https:\/\/www.durch-die-linse.at\/suedamerika-blog\/wp-json\/wp\/v2\/pages"}],"about":[{"href":"https:\/\/www.durch-die-linse.at\/suedamerika-blog\/wp-json\/wp\/v2\/types\/page"}],"author":[{"embeddable":true,"href":"https:\/\/www.durch-die-linse.at\/suedamerika-blog\/wp-json\/wp\/v2\/users\/3"}],"replies":[{"embeddable":true,"href":"https:\/\/www.durch-die-linse.at\/suedamerika-blog\/wp-json\/wp\/v2\/comments?post=68"}],"version-history":[{"count":15,"href":"https:\/\/www.durch-die-linse.at\/suedamerika-blog\/wp-json\/wp\/v2\/pages\/68\/revisions"}],"predecessor-version":[{"id":168,"href":"https:\/\/www.durch-die-linse.at\/suedamerika-blog\/wp-json\/wp\/v2\/pages\/68\/revisions\/168"}],"up":[{"embeddable":true,"href":"https:\/\/www.durch-die-linse.at\/suedamerika-blog\/wp-json\/wp\/v2\/pages\/59"}],"wp:attachment":[{"href":"https:\/\/www.durch-die-linse.at\/suedamerika-blog\/wp-json\/wp\/v2\/media?parent=68"}],"curies":[{"name":"wp","href":"https:\/\/api.w.org\/{rel}","templated":true}]}}