{"id":2027,"date":"2016-01-11T22:47:24","date_gmt":"2016-01-11T21:47:24","guid":{"rendered":"http:\/\/www.durch-die-linse.at\/suedamerika-blog\/?page_id=2027"},"modified":"2016-01-11T23:00:24","modified_gmt":"2016-01-11T22:00:24","slug":"uruguay","status":"publish","type":"page","link":"https:\/\/www.durch-die-linse.at\/suedamerika-blog\/fotos\/uruguay\/","title":{"rendered":"Uruguay"},"content":{"rendered":"<p><!-- index.php -->\n<div\n\tclass=\"ngg-galleryoverview\n\t ngg-ajax-pagination-none\t\"\n\tid=\"ngg-gallery-82d4bb29bb58b90dd736dbdb7072ae39-1\">\n\n\t\t\t<!-- Thumbnails -->\n\t\t\t\t<div id=\"ngg-image-0\" class=\"ngg-gallery-thumbnail-box\"\n\t\t\t\t\t\t\t\t\t\t\t>\n\t\t\t\t\t\t<div class=\"ngg-gallery-thumbnail\">\n\t\t\t<a href=\"https:\/\/www.durch-die-linse.at\/suedamerika-blog\/wp-content\/gallery\/uruguay\/DSC06115.jpg\"\n\t\t\t\ttitle=\"Rio de la Plata bei Montevideo\"\n\t\t\t\tdata-src=\"https:\/\/www.durch-die-linse.at\/suedamerika-blog\/wp-content\/gallery\/uruguay\/DSC06115.jpg\"\n\t\t\t\tdata-thumbnail=\"https:\/\/www.durch-die-linse.at\/suedamerika-blog\/wp-content\/gallery\/uruguay\/thumbs\/thumbs_DSC06115.jpg\"\n\t\t\t\tdata-image-id=\"457\"\n\t\t\t\tdata-title=\"DSC06115\"\n\t\t\t\tdata-description=\"Rio de la Plata bei Montevideo\"\n\t\t\t\tdata-image-slug=\"dsc06115\"\n\t\t\t\tclass=\"ngg-fancybox\" rel=\"82d4bb29bb58b90dd736dbdb7072ae39\">\n\t\t\t\t<img\n\t\t\t\t\ttitle=\"DSC06115\"\n\t\t\t\t\talt=\"DSC06115\"\n\t\t\t\t\tsrc=\"https:\/\/www.durch-die-linse.at\/suedamerika-blog\/wp-content\/gallery\/uruguay\/thumbs\/thumbs_DSC06115.jpg\"\n\t\t\t\t\twidth=\"240\"\n\t\t\t\t\theight=\"160\"\n\t\t\t\t\tstyle=\"max-width:100%;\"\n\t\t\t\t\/>\n\t\t\t<\/a>\n\t\t<\/div>\n\t\t\t\t\t\t\t<\/div>\n\t\t\t\n\t\t\n\t\t\t\t<div id=\"ngg-image-1\" class=\"ngg-gallery-thumbnail-box\"\n\t\t\t\t\t\t\t\t\t\t\t>\n\t\t\t\t\t\t<div class=\"ngg-gallery-thumbnail\">\n\t\t\t<a href=\"https:\/\/www.durch-die-linse.at\/suedamerika-blog\/wp-content\/gallery\/uruguay\/DSC06103.jpg\"\n\t\t\t\ttitle=\"Montevideo\"\n\t\t\t\tdata-src=\"https:\/\/www.durch-die-linse.at\/suedamerika-blog\/wp-content\/gallery\/uruguay\/DSC06103.jpg\"\n\t\t\t\tdata-thumbnail=\"https:\/\/www.durch-die-linse.at\/suedamerika-blog\/wp-content\/gallery\/uruguay\/thumbs\/thumbs_DSC06103.jpg\"\n\t\t\t\tdata-image-id=\"458\"\n\t\t\t\tdata-title=\"DSC06103\"\n\t\t\t\tdata-description=\"Montevideo\"\n\t\t\t\tdata-image-slug=\"dsc06103\"\n\t\t\t\tclass=\"ngg-fancybox\" rel=\"82d4bb29bb58b90dd736dbdb7072ae39\">\n\t\t\t\t<img\n\t\t\t\t\ttitle=\"DSC06103\"\n\t\t\t\t\talt=\"DSC06103\"\n\t\t\t\t\tsrc=\"https:\/\/www.durch-die-linse.at\/suedamerika-blog\/wp-content\/gallery\/uruguay\/thumbs\/thumbs_DSC06103.jpg\"\n\t\t\t\t\twidth=\"240\"\n\t\t\t\t\theight=\"160\"\n\t\t\t\t\tstyle=\"max-width:100%;\"\n\t\t\t\t\/>\n\t\t\t<\/a>\n\t\t<\/div>\n\t\t\t\t\t\t\t<\/div>\n\t\t\t\n\t\t\n\t\t\t\t<div id=\"ngg-image-2\" class=\"ngg-gallery-thumbnail-box\"\n\t\t\t\t\t\t\t\t\t\t\t>\n\t\t\t\t\t\t<div class=\"ngg-gallery-thumbnail\">\n\t\t\t<a href=\"https:\/\/www.durch-die-linse.at\/suedamerika-blog\/wp-content\/gallery\/uruguay\/DSC06059.jpg\"\n\t\t\t\ttitle=\"Montevideo\"\n\t\t\t\tdata-src=\"https:\/\/www.durch-die-linse.at\/suedamerika-blog\/wp-content\/gallery\/uruguay\/DSC06059.jpg\"\n\t\t\t\tdata-thumbnail=\"https:\/\/www.durch-die-linse.at\/suedamerika-blog\/wp-content\/gallery\/uruguay\/thumbs\/thumbs_DSC06059.jpg\"\n\t\t\t\tdata-image-id=\"459\"\n\t\t\t\tdata-title=\"DSC06059\"\n\t\t\t\tdata-description=\"Montevideo\"\n\t\t\t\tdata-image-slug=\"dsc06059\"\n\t\t\t\tclass=\"ngg-fancybox\" rel=\"82d4bb29bb58b90dd736dbdb7072ae39\">\n\t\t\t\t<img\n\t\t\t\t\ttitle=\"DSC06059\"\n\t\t\t\t\talt=\"DSC06059\"\n\t\t\t\t\tsrc=\"https:\/\/www.durch-die-linse.at\/suedamerika-blog\/wp-content\/gallery\/uruguay\/thumbs\/thumbs_DSC06059.jpg\"\n\t\t\t\t\twidth=\"240\"\n\t\t\t\t\theight=\"160\"\n\t\t\t\t\tstyle=\"max-width:100%;\"\n\t\t\t\t\/>\n\t\t\t<\/a>\n\t\t<\/div>\n\t\t\t\t\t\t\t<\/div>\n\t\t\t\n\t\t\n\t\t\t\t<div id=\"ngg-image-3\" class=\"ngg-gallery-thumbnail-box\"\n\t\t\t\t\t\t\t\t\t\t\t>\n\t\t\t\t\t\t<div class=\"ngg-gallery-thumbnail\">\n\t\t\t<a href=\"https:\/\/www.durch-die-linse.at\/suedamerika-blog\/wp-content\/gallery\/uruguay\/DSC06067.jpg\"\n\t\t\t\ttitle=\"das gr\u00f6\u00dfte Theater in S\u00fcdamerika -Montevideo\"\n\t\t\t\tdata-src=\"https:\/\/www.durch-die-linse.at\/suedamerika-blog\/wp-content\/gallery\/uruguay\/DSC06067.jpg\"\n\t\t\t\tdata-thumbnail=\"https:\/\/www.durch-die-linse.at\/suedamerika-blog\/wp-content\/gallery\/uruguay\/thumbs\/thumbs_DSC06067.jpg\"\n\t\t\t\tdata-image-id=\"460\"\n\t\t\t\tdata-title=\"DSC06067\"\n\t\t\t\tdata-description=\"das gr\u00f6\u00dfte Theater in S\u00fcdamerika -Montevideo\"\n\t\t\t\tdata-image-slug=\"dsc06067\"\n\t\t\t\tclass=\"ngg-fancybox\" rel=\"82d4bb29bb58b90dd736dbdb7072ae39\">\n\t\t\t\t<img\n\t\t\t\t\ttitle=\"DSC06067\"\n\t\t\t\t\talt=\"DSC06067\"\n\t\t\t\t\tsrc=\"https:\/\/www.durch-die-linse.at\/suedamerika-blog\/wp-content\/gallery\/uruguay\/thumbs\/thumbs_DSC06067.jpg\"\n\t\t\t\t\twidth=\"240\"\n\t\t\t\t\theight=\"160\"\n\t\t\t\t\tstyle=\"max-width:100%;\"\n\t\t\t\t\/>\n\t\t\t<\/a>\n\t\t<\/div>\n\t\t\t\t\t\t\t<\/div>\n\t\t\t\n\t\t\n\t\t\t\t<div id=\"ngg-image-4\" class=\"ngg-gallery-thumbnail-box\"\n\t\t\t\t\t\t\t\t\t\t\t>\n\t\t\t\t\t\t<div class=\"ngg-gallery-thumbnail\">\n\t\t\t<a href=\"https:\/\/www.durch-die-linse.at\/suedamerika-blog\/wp-content\/gallery\/uruguay\/DSC06118.jpg\"\n\t\t\t\ttitle=\"Montevideo\"\n\t\t\t\tdata-src=\"https:\/\/www.durch-die-linse.at\/suedamerika-blog\/wp-content\/gallery\/uruguay\/DSC06118.jpg\"\n\t\t\t\tdata-thumbnail=\"https:\/\/www.durch-die-linse.at\/suedamerika-blog\/wp-content\/gallery\/uruguay\/thumbs\/thumbs_DSC06118.jpg\"\n\t\t\t\tdata-image-id=\"461\"\n\t\t\t\tdata-title=\"DSC06118\"\n\t\t\t\tdata-description=\"Montevideo\"\n\t\t\t\tdata-image-slug=\"dsc06118\"\n\t\t\t\tclass=\"ngg-fancybox\" rel=\"82d4bb29bb58b90dd736dbdb7072ae39\">\n\t\t\t\t<img\n\t\t\t\t\ttitle=\"DSC06118\"\n\t\t\t\t\talt=\"DSC06118\"\n\t\t\t\t\tsrc=\"https:\/\/www.durch-die-linse.at\/suedamerika-blog\/wp-content\/gallery\/uruguay\/thumbs\/thumbs_DSC06118.jpg\"\n\t\t\t\t\twidth=\"240\"\n\t\t\t\t\theight=\"160\"\n\t\t\t\t\tstyle=\"max-width:100%;\"\n\t\t\t\t\/>\n\t\t\t<\/a>\n\t\t<\/div>\n\t\t\t\t\t\t\t<\/div>\n\t\t\t\n\t\t\n\t\t\t\t<div id=\"ngg-image-5\" class=\"ngg-gallery-thumbnail-box\"\n\t\t\t\t\t\t\t\t\t\t\t>\n\t\t\t\t\t\t<div class=\"ngg-gallery-thumbnail\">\n\t\t\t<a href=\"https:\/\/www.durch-die-linse.at\/suedamerika-blog\/wp-content\/gallery\/uruguay\/DSC06033.jpg\"\n\t\t\t\ttitle=\"Montevideo\"\n\t\t\t\tdata-src=\"https:\/\/www.durch-die-linse.at\/suedamerika-blog\/wp-content\/gallery\/uruguay\/DSC06033.jpg\"\n\t\t\t\tdata-thumbnail=\"https:\/\/www.durch-die-linse.at\/suedamerika-blog\/wp-content\/gallery\/uruguay\/thumbs\/thumbs_DSC06033.jpg\"\n\t\t\t\tdata-image-id=\"453\"\n\t\t\t\tdata-title=\"DSC06033\"\n\t\t\t\tdata-description=\"Montevideo\"\n\t\t\t\tdata-image-slug=\"dsc06033\"\n\t\t\t\tclass=\"ngg-fancybox\" rel=\"82d4bb29bb58b90dd736dbdb7072ae39\">\n\t\t\t\t<img\n\t\t\t\t\ttitle=\"DSC06033\"\n\t\t\t\t\talt=\"DSC06033\"\n\t\t\t\t\tsrc=\"https:\/\/www.durch-die-linse.at\/suedamerika-blog\/wp-content\/gallery\/uruguay\/thumbs\/thumbs_DSC06033.jpg\"\n\t\t\t\t\twidth=\"240\"\n\t\t\t\t\theight=\"160\"\n\t\t\t\t\tstyle=\"max-width:100%;\"\n\t\t\t\t\/>\n\t\t\t<\/a>\n\t\t<\/div>\n\t\t\t\t\t\t\t<\/div>\n\t\t\t\n\t\t\n\t\t\t\t<div id=\"ngg-image-6\" class=\"ngg-gallery-thumbnail-box\"\n\t\t\t\t\t\t\t\t\t\t\t>\n\t\t\t\t\t\t<div class=\"ngg-gallery-thumbnail\">\n\t\t\t<a href=\"https:\/\/www.durch-die-linse.at\/suedamerika-blog\/wp-content\/gallery\/uruguay\/DSC06051.jpg\"\n\t\t\t\ttitle=\"Kirche in Montevideo\"\n\t\t\t\tdata-src=\"https:\/\/www.durch-die-linse.at\/suedamerika-blog\/wp-content\/gallery\/uruguay\/DSC06051.jpg\"\n\t\t\t\tdata-thumbnail=\"https:\/\/www.durch-die-linse.at\/suedamerika-blog\/wp-content\/gallery\/uruguay\/thumbs\/thumbs_DSC06051.jpg\"\n\t\t\t\tdata-image-id=\"452\"\n\t\t\t\tdata-title=\"DSC06051\"\n\t\t\t\tdata-description=\"Kirche in Montevideo\"\n\t\t\t\tdata-image-slug=\"dsc06051\"\n\t\t\t\tclass=\"ngg-fancybox\" rel=\"82d4bb29bb58b90dd736dbdb7072ae39\">\n\t\t\t\t<img\n\t\t\t\t\ttitle=\"DSC06051\"\n\t\t\t\t\talt=\"DSC06051\"\n\t\t\t\t\tsrc=\"https:\/\/www.durch-die-linse.at\/suedamerika-blog\/wp-content\/gallery\/uruguay\/thumbs\/thumbs_DSC06051.jpg\"\n\t\t\t\t\twidth=\"240\"\n\t\t\t\t\theight=\"160\"\n\t\t\t\t\tstyle=\"max-width:100%;\"\n\t\t\t\t\/>\n\t\t\t<\/a>\n\t\t<\/div>\n\t\t\t\t\t\t\t<\/div>\n\t\t\t\n\t\t\n\t\t\t\t<div id=\"ngg-image-7\" class=\"ngg-gallery-thumbnail-box\"\n\t\t\t\t\t\t\t\t\t\t\t>\n\t\t\t\t\t\t<div class=\"ngg-gallery-thumbnail\">\n\t\t\t<a href=\"https:\/\/www.durch-die-linse.at\/suedamerika-blog\/wp-content\/gallery\/uruguay\/DSC06047.jpg\"\n\t\t\t\ttitle=\"Buchhandlung in Montevideo\"\n\t\t\t\tdata-src=\"https:\/\/www.durch-die-linse.at\/suedamerika-blog\/wp-content\/gallery\/uruguay\/DSC06047.jpg\"\n\t\t\t\tdata-thumbnail=\"https:\/\/www.durch-die-linse.at\/suedamerika-blog\/wp-content\/gallery\/uruguay\/thumbs\/thumbs_DSC06047.jpg\"\n\t\t\t\tdata-image-id=\"451\"\n\t\t\t\tdata-title=\"DSC06047\"\n\t\t\t\tdata-description=\"Buchhandlung in Montevideo\"\n\t\t\t\tdata-image-slug=\"dsc06047\"\n\t\t\t\tclass=\"ngg-fancybox\" rel=\"82d4bb29bb58b90dd736dbdb7072ae39\">\n\t\t\t\t<img\n\t\t\t\t\ttitle=\"DSC06047\"\n\t\t\t\t\talt=\"DSC06047\"\n\t\t\t\t\tsrc=\"https:\/\/www.durch-die-linse.at\/suedamerika-blog\/wp-content\/gallery\/uruguay\/thumbs\/thumbs_DSC06047.jpg\"\n\t\t\t\t\twidth=\"240\"\n\t\t\t\t\theight=\"160\"\n\t\t\t\t\tstyle=\"max-width:100%;\"\n\t\t\t\t\/>\n\t\t\t<\/a>\n\t\t<\/div>\n\t\t\t\t\t\t\t<\/div>\n\t\t\t\n\t\t\n\t\t\t\t<div id=\"ngg-image-8\" class=\"ngg-gallery-thumbnail-box\"\n\t\t\t\t\t\t\t\t\t\t\t>\n\t\t\t\t\t\t<div class=\"ngg-gallery-thumbnail\">\n\t\t\t<a href=\"https:\/\/www.durch-die-linse.at\/suedamerika-blog\/wp-content\/gallery\/uruguay\/DSC06008.jpg\"\n\t\t\t\ttitle=\"Colonia\"\n\t\t\t\tdata-src=\"https:\/\/www.durch-die-linse.at\/suedamerika-blog\/wp-content\/gallery\/uruguay\/DSC06008.jpg\"\n\t\t\t\tdata-thumbnail=\"https:\/\/www.durch-die-linse.at\/suedamerika-blog\/wp-content\/gallery\/uruguay\/thumbs\/thumbs_DSC06008.jpg\"\n\t\t\t\tdata-image-id=\"447\"\n\t\t\t\tdata-title=\"DSC06008\"\n\t\t\t\tdata-description=\"Colonia\"\n\t\t\t\tdata-image-slug=\"dsc06008\"\n\t\t\t\tclass=\"ngg-fancybox\" rel=\"82d4bb29bb58b90dd736dbdb7072ae39\">\n\t\t\t\t<img\n\t\t\t\t\ttitle=\"DSC06008\"\n\t\t\t\t\talt=\"DSC06008\"\n\t\t\t\t\tsrc=\"https:\/\/www.durch-die-linse.at\/suedamerika-blog\/wp-content\/gallery\/uruguay\/thumbs\/thumbs_DSC06008.jpg\"\n\t\t\t\t\twidth=\"240\"\n\t\t\t\t\theight=\"160\"\n\t\t\t\t\tstyle=\"max-width:100%;\"\n\t\t\t\t\/>\n\t\t\t<\/a>\n\t\t<\/div>\n\t\t\t\t\t\t\t<\/div>\n\t\t\t\n\t\t\n\t\t\t\t<div id=\"ngg-image-9\" class=\"ngg-gallery-thumbnail-box\"\n\t\t\t\t\t\t\t\t\t\t\t>\n\t\t\t\t\t\t<div class=\"ngg-gallery-thumbnail\">\n\t\t\t<a href=\"https:\/\/www.durch-die-linse.at\/suedamerika-blog\/wp-content\/gallery\/uruguay\/DSC06006.jpg\"\n\t\t\t\ttitle=\"Colonia\"\n\t\t\t\tdata-src=\"https:\/\/www.durch-die-linse.at\/suedamerika-blog\/wp-content\/gallery\/uruguay\/DSC06006.jpg\"\n\t\t\t\tdata-thumbnail=\"https:\/\/www.durch-die-linse.at\/suedamerika-blog\/wp-content\/gallery\/uruguay\/thumbs\/thumbs_DSC06006.jpg\"\n\t\t\t\tdata-image-id=\"450\"\n\t\t\t\tdata-title=\"DSC06006\"\n\t\t\t\tdata-description=\"Colonia\"\n\t\t\t\tdata-image-slug=\"dsc06006\"\n\t\t\t\tclass=\"ngg-fancybox\" rel=\"82d4bb29bb58b90dd736dbdb7072ae39\">\n\t\t\t\t<img\n\t\t\t\t\ttitle=\"DSC06006\"\n\t\t\t\t\talt=\"DSC06006\"\n\t\t\t\t\tsrc=\"https:\/\/www.durch-die-linse.at\/suedamerika-blog\/wp-content\/gallery\/uruguay\/thumbs\/thumbs_DSC06006.jpg\"\n\t\t\t\t\twidth=\"240\"\n\t\t\t\t\theight=\"160\"\n\t\t\t\t\tstyle=\"max-width:100%;\"\n\t\t\t\t\/>\n\t\t\t<\/a>\n\t\t<\/div>\n\t\t\t\t\t\t\t<\/div>\n\t\t\t\n\t\t\n\t\t\t\t<div id=\"ngg-image-10\" class=\"ngg-gallery-thumbnail-box\"\n\t\t\t\t\t\t\t\t\t\t\t>\n\t\t\t\t\t\t<div class=\"ngg-gallery-thumbnail\">\n\t\t\t<a href=\"https:\/\/www.durch-die-linse.at\/suedamerika-blog\/wp-content\/gallery\/uruguay\/DSC05991.jpg\"\n\t\t\t\ttitle=\"Colonia\"\n\t\t\t\tdata-src=\"https:\/\/www.durch-die-linse.at\/suedamerika-blog\/wp-content\/gallery\/uruguay\/DSC05991.jpg\"\n\t\t\t\tdata-thumbnail=\"https:\/\/www.durch-die-linse.at\/suedamerika-blog\/wp-content\/gallery\/uruguay\/thumbs\/thumbs_DSC05991.jpg\"\n\t\t\t\tdata-image-id=\"454\"\n\t\t\t\tdata-title=\"DSC05991\"\n\t\t\t\tdata-description=\"Colonia\"\n\t\t\t\tdata-image-slug=\"dsc05991\"\n\t\t\t\tclass=\"ngg-fancybox\" rel=\"82d4bb29bb58b90dd736dbdb7072ae39\">\n\t\t\t\t<img\n\t\t\t\t\ttitle=\"DSC05991\"\n\t\t\t\t\talt=\"DSC05991\"\n\t\t\t\t\tsrc=\"https:\/\/www.durch-die-linse.at\/suedamerika-blog\/wp-content\/gallery\/uruguay\/thumbs\/thumbs_DSC05991.jpg\"\n\t\t\t\t\twidth=\"240\"\n\t\t\t\t\theight=\"160\"\n\t\t\t\t\tstyle=\"max-width:100%;\"\n\t\t\t\t\/>\n\t\t\t<\/a>\n\t\t<\/div>\n\t\t\t\t\t\t\t<\/div>\n\t\t\t\n\t\t\n\t\t\t\t<div id=\"ngg-image-11\" class=\"ngg-gallery-thumbnail-box\"\n\t\t\t\t\t\t\t\t\t\t\t>\n\t\t\t\t\t\t<div class=\"ngg-gallery-thumbnail\">\n\t\t\t<a href=\"https:\/\/www.durch-die-linse.at\/suedamerika-blog\/wp-content\/gallery\/uruguay\/DSC06021.jpg\"\n\t\t\t\ttitle=\"Colonia\"\n\t\t\t\tdata-src=\"https:\/\/www.durch-die-linse.at\/suedamerika-blog\/wp-content\/gallery\/uruguay\/DSC06021.jpg\"\n\t\t\t\tdata-thumbnail=\"https:\/\/www.durch-die-linse.at\/suedamerika-blog\/wp-content\/gallery\/uruguay\/thumbs\/thumbs_DSC06021.jpg\"\n\t\t\t\tdata-image-id=\"455\"\n\t\t\t\tdata-title=\"DSC06021\"\n\t\t\t\tdata-description=\"Colonia\"\n\t\t\t\tdata-image-slug=\"dsc06021\"\n\t\t\t\tclass=\"ngg-fancybox\" rel=\"82d4bb29bb58b90dd736dbdb7072ae39\">\n\t\t\t\t<img\n\t\t\t\t\ttitle=\"DSC06021\"\n\t\t\t\t\talt=\"DSC06021\"\n\t\t\t\t\tsrc=\"https:\/\/www.durch-die-linse.at\/suedamerika-blog\/wp-content\/gallery\/uruguay\/thumbs\/thumbs_DSC06021.jpg\"\n\t\t\t\t\twidth=\"240\"\n\t\t\t\t\theight=\"160\"\n\t\t\t\t\tstyle=\"max-width:100%;\"\n\t\t\t\t\/>\n\t\t\t<\/a>\n\t\t<\/div>\n\t\t\t\t\t\t\t<\/div>\n\t\t\t\n\t\t\n\t\t\t\t<div id=\"ngg-image-12\" class=\"ngg-gallery-thumbnail-box\"\n\t\t\t\t\t\t\t\t\t\t\t>\n\t\t\t\t\t\t<div class=\"ngg-gallery-thumbnail\">\n\t\t\t<a href=\"https:\/\/www.durch-die-linse.at\/suedamerika-blog\/wp-content\/gallery\/uruguay\/DSC06022.jpg\"\n\t\t\t\ttitle=\"Colonia\"\n\t\t\t\tdata-src=\"https:\/\/www.durch-die-linse.at\/suedamerika-blog\/wp-content\/gallery\/uruguay\/DSC06022.jpg\"\n\t\t\t\tdata-thumbnail=\"https:\/\/www.durch-die-linse.at\/suedamerika-blog\/wp-content\/gallery\/uruguay\/thumbs\/thumbs_DSC06022.jpg\"\n\t\t\t\tdata-image-id=\"456\"\n\t\t\t\tdata-title=\"DSC06022\"\n\t\t\t\tdata-description=\"Colonia\"\n\t\t\t\tdata-image-slug=\"dsc06022\"\n\t\t\t\tclass=\"ngg-fancybox\" rel=\"82d4bb29bb58b90dd736dbdb7072ae39\">\n\t\t\t\t<img\n\t\t\t\t\ttitle=\"DSC06022\"\n\t\t\t\t\talt=\"DSC06022\"\n\t\t\t\t\tsrc=\"https:\/\/www.durch-die-linse.at\/suedamerika-blog\/wp-content\/gallery\/uruguay\/thumbs\/thumbs_DSC06022.jpg\"\n\t\t\t\t\twidth=\"240\"\n\t\t\t\t\theight=\"160\"\n\t\t\t\t\tstyle=\"max-width:100%;\"\n\t\t\t\t\/>\n\t\t\t<\/a>\n\t\t<\/div>\n\t\t\t\t\t\t\t<\/div>\n\t\t\t\n\t\t\n\t\t\t\t<div id=\"ngg-image-13\" class=\"ngg-gallery-thumbnail-box\"\n\t\t\t\t\t\t\t\t\t\t\t>\n\t\t\t\t\t\t<div class=\"ngg-gallery-thumbnail\">\n\t\t\t<a href=\"https:\/\/www.durch-die-linse.at\/suedamerika-blog\/wp-content\/gallery\/uruguay\/DSC06000.jpg\"\n\t\t\t\ttitle=\"Colonia\"\n\t\t\t\tdata-src=\"https:\/\/www.durch-die-linse.at\/suedamerika-blog\/wp-content\/gallery\/uruguay\/DSC06000.jpg\"\n\t\t\t\tdata-thumbnail=\"https:\/\/www.durch-die-linse.at\/suedamerika-blog\/wp-content\/gallery\/uruguay\/thumbs\/thumbs_DSC06000.jpg\"\n\t\t\t\tdata-image-id=\"449\"\n\t\t\t\tdata-title=\"DSC06000\"\n\t\t\t\tdata-description=\"Colonia\"\n\t\t\t\tdata-image-slug=\"dsc06000\"\n\t\t\t\tclass=\"ngg-fancybox\" rel=\"82d4bb29bb58b90dd736dbdb7072ae39\">\n\t\t\t\t<img\n\t\t\t\t\ttitle=\"DSC06000\"\n\t\t\t\t\talt=\"DSC06000\"\n\t\t\t\t\tsrc=\"https:\/\/www.durch-die-linse.at\/suedamerika-blog\/wp-content\/gallery\/uruguay\/thumbs\/thumbs_DSC06000.jpg\"\n\t\t\t\t\twidth=\"240\"\n\t\t\t\t\theight=\"160\"\n\t\t\t\t\tstyle=\"max-width:100%;\"\n\t\t\t\t\/>\n\t\t\t<\/a>\n\t\t<\/div>\n\t\t\t\t\t\t\t<\/div>\n\t\t\t\n\t\t\n\t\t\t\t<div id=\"ngg-image-14\" class=\"ngg-gallery-thumbnail-box\"\n\t\t\t\t\t\t\t\t\t\t\t>\n\t\t\t\t\t\t<div class=\"ngg-gallery-thumbnail\">\n\t\t\t<a href=\"https:\/\/www.durch-die-linse.at\/suedamerika-blog\/wp-content\/gallery\/uruguay\/DSC05996.jpg\"\n\t\t\t\ttitle=\"Colonia\"\n\t\t\t\tdata-src=\"https:\/\/www.durch-die-linse.at\/suedamerika-blog\/wp-content\/gallery\/uruguay\/DSC05996.jpg\"\n\t\t\t\tdata-thumbnail=\"https:\/\/www.durch-die-linse.at\/suedamerika-blog\/wp-content\/gallery\/uruguay\/thumbs\/thumbs_DSC05996.jpg\"\n\t\t\t\tdata-image-id=\"448\"\n\t\t\t\tdata-title=\"DSC05996\"\n\t\t\t\tdata-description=\"Colonia\"\n\t\t\t\tdata-image-slug=\"dsc05996\"\n\t\t\t\tclass=\"ngg-fancybox\" rel=\"82d4bb29bb58b90dd736dbdb7072ae39\">\n\t\t\t\t<img\n\t\t\t\t\ttitle=\"DSC05996\"\n\t\t\t\t\talt=\"DSC05996\"\n\t\t\t\t\tsrc=\"https:\/\/www.durch-die-linse.at\/suedamerika-blog\/wp-content\/gallery\/uruguay\/thumbs\/thumbs_DSC05996.jpg\"\n\t\t\t\t\twidth=\"240\"\n\t\t\t\t\theight=\"160\"\n\t\t\t\t\tstyle=\"max-width:100%;\"\n\t\t\t\t\/>\n\t\t\t<\/a>\n\t\t<\/div>\n\t\t\t\t\t\t\t<\/div>\n\t\t\t\n\t\t\n\t\t\n\t\t<div class=\"ngg-clear\"><\/div>\n\t<\/div>\n<\/p>\n","protected":false},"excerpt":{"rendered":"","protected":false},"author":2,"featured_media":0,"parent":223,"menu_order":0,"comment_status":"open","ping_status":"open","template":"","meta":{"ngg_post_thumbnail":0,"footnotes":""},"class_list":["post-2027","page","type-page","status-publish","hentry"],"_links":{"self":[{"href":"https:\/\/www.durch-die-linse.at\/suedamerika-blog\/wp-json\/wp\/v2\/pages\/2027","targetHints":{"allow":["GET"]}}],"collection":[{"href":"https:\/\/www.durch-die-linse.at\/suedamerika-blog\/wp-json\/wp\/v2\/pages"}],"about":[{"href":"https:\/\/www.durch-die-linse.at\/suedamerika-blog\/wp-json\/wp\/v2\/types\/page"}],"author":[{"embeddable":true,"href":"https:\/\/www.durch-die-linse.at\/suedamerika-blog\/wp-json\/wp\/v2\/users\/2"}],"replies":[{"embeddable":true,"href":"https:\/\/www.durch-die-linse.at\/suedamerika-blog\/wp-json\/wp\/v2\/comments?post=2027"}],"version-history":[{"count":9,"href":"https:\/\/www.durch-die-linse.at\/suedamerika-blog\/wp-json\/wp\/v2\/pages\/2027\/revisions"}],"predecessor-version":[{"id":2047,"href":"https:\/\/www.durch-die-linse.at\/suedamerika-blog\/wp-json\/wp\/v2\/pages\/2027\/revisions\/2047"}],"up":[{"embeddable":true,"href":"https:\/\/www.durch-die-linse.at\/suedamerika-blog\/wp-json\/wp\/v2\/pages\/223"}],"wp:attachment":[{"href":"https:\/\/www.durch-die-linse.at\/suedamerika-blog\/wp-json\/wp\/v2\/media?parent=2027"}],"curies":[{"name":"wp","href":"https:\/\/api.w.org\/{rel}","templated":true}]}}