{"id":2320,"date":"2016-07-31T15:56:33","date_gmt":"2016-07-31T13:56:33","guid":{"rendered":"http:\/\/www.durch-die-linse.at\/suedamerika-blog\/?page_id=2320"},"modified":"2016-07-31T17:06:26","modified_gmt":"2016-07-31T15:06:26","slug":"videos","status":"publish","type":"page","link":"http:\/\/www.durch-die-linse.at\/suedamerika-blog\/videos\/","title":{"rendered":"Videos"},"content":{"rendered":"<h5><strong>Eindr\u00fccke von unseren Radtouren<br \/>\n<\/strong><\/h5>\n<p><strong><a href=\"http:\/\/www.durch-die-linse.at\/suedamerika-blog\/wp-content\/uploads\/2016\/07\/K\u00fcste-Rad.mp4\" target=\"_blank\">K\u00fcstenfahrt Ecuador<\/a><\/strong><\/p>\n<p><strong><a href=\"http:\/\/www.durch-die-linse.at\/suedamerika-blog\/wp-content\/uploads\/2016\/07\/Catacocha-nach-Macara1.mp4\" target=\"_blank\">Fahrt Catacocha nach Marar\u00e1<\/a><\/strong><\/p>\n<p><strong><a href=\"http:\/\/www.durch-die-linse.at\/suedamerika-blog\/wp-content\/uploads\/2016\/07\/Fahrt-Puno-Juli.mp4\" target=\"_blank\">Fahrt Puno nach Juli<\/a><\/strong><\/p>\n<p><strong><a href=\"http:\/\/www.durch-die-linse.at\/suedamerika-blog\/wp-content\/uploads\/2015\/12\/Carratera-Austral-Fahrt-Richtung-Chile-Chico.mov\" target=\"_blank\">Fahrt Carratera Austral nach Chile Chico<\/a><\/strong><\/p>\n<p>&nbsp;<\/p>\n<h5><strong>Unser Weihnachtsfest<\/strong><\/h5>\n<p><strong><a href=\"http:\/\/www.durch-die-linse.at\/suedamerika-blog\/wp-content\/uploads\/2015\/12\/Christmas_Finnland.mov\">Christmas_Finnland<\/a><\/strong><\/p>\n<p><strong><a href=\"http:\/\/www.durch-die-linse.at\/suedamerika-blog\/wp-content\/uploads\/2015\/12\/Christmas_Asien.mov\">Christmas_Asien<\/a><\/strong><\/p>\n<p><strong><a href=\"http:\/\/www.durch-die-linse.at\/suedamerika-blog\/wp-content\/uploads\/2015\/12\/Christmas_Frankreich.mov\">Christmas_Frankreich<\/a><\/strong><\/p>\n<p><strong><a href=\"http:\/\/www.durch-die-linse.at\/suedamerika-blog\/wp-content\/uploads\/2015\/12\/Christmas_Irland.mov\">Christmas_Irland<\/a><\/strong><\/p>\n<p><strong><a href=\"http:\/\/www.durch-die-linse.at\/suedamerika-blog\/wp-content\/uploads\/2015\/12\/Christmas_Brasilien.mov\">Christmas_Brasilien<\/a><\/strong><\/p>\n<p><strong><a href=\"http:\/\/www.durch-die-linse.at\/suedamerika-blog\/wp-content\/uploads\/2015\/12\/Christmas_Deutschland1.mov\">Christmas_Deutschland<\/a><\/strong><\/p>\n<p><a href=\"http:\/\/www.durch-die-linse.at\/suedamerika-blog\/wp-content\/uploads\/2015\/12\/Christmas_\u00d6sterreich.mov\">Christmas_\u00d6sterreich<\/a><\/p>\n<h6><strong><br \/>\n<\/strong><\/h6>\n<p>&nbsp;<\/p>\n<p>&nbsp;<\/p>\n<p>&nbsp;<\/p>\n<p>&nbsp;<\/p>\n<h6><\/h6>\n<h6><\/h6>\n<h6><strong>Weihnachten in Puerto Natales (Chile)<br \/>\n<\/strong>In alles Sprachen wurden Weihnachtslieder gesungen<\/h6>\n<p>&nbsp;<\/p>\n<p>&nbsp;<\/p>\n<p>&nbsp;<\/p>\n<p>&nbsp;<\/p>\n","protected":false},"excerpt":{"rendered":"<p>Eindr\u00fccke von unseren Radtouren K\u00fcstenfahrt Ecuador Fahrt Catacocha nach Marar\u00e1 Fahrt Puno nach Juli Fahrt Carratera Austral nach Chile Chico &nbsp; Unser Weihnachtsfest Christmas_Finnland Christmas_Asien Christmas_Frankreich Christmas_Irland Christmas_Brasilien Christmas_Deutschland Christmas_\u00d6sterreich &nbsp; &nbsp; &nbsp; &nbsp; Weihnachten in Puerto Natales (Chile) In alles Sprachen wurden Weihnachtslieder gesungen &nbsp; &nbsp; &nbsp; &nbsp;<\/p>\n","protected":false},"author":2,"featured_media":0,"parent":0,"menu_order":0,"comment_status":"open","ping_status":"open","template":"","meta":{"ngg_post_thumbnail":0,"footnotes":""},"class_list":["post-2320","page","type-page","status-publish","hentry"],"_links":{"self":[{"href":"http:\/\/www.durch-die-linse.at\/suedamerika-blog\/wp-json\/wp\/v2\/pages\/2320","targetHints":{"allow":["GET"]}}],"collection":[{"href":"http:\/\/www.durch-die-linse.at\/suedamerika-blog\/wp-json\/wp\/v2\/pages"}],"about":[{"href":"http:\/\/www.durch-die-linse.at\/suedamerika-blog\/wp-json\/wp\/v2\/types\/page"}],"author":[{"embeddable":true,"href":"http:\/\/www.durch-die-linse.at\/suedamerika-blog\/wp-json\/wp\/v2\/users\/2"}],"replies":[{"embeddable":true,"href":"http:\/\/www.durch-die-linse.at\/suedamerika-blog\/wp-json\/wp\/v2\/comments?post=2320"}],"version-history":[{"count":23,"href":"http:\/\/www.durch-die-linse.at\/suedamerika-blog\/wp-json\/wp\/v2\/pages\/2320\/revisions"}],"predecessor-version":[{"id":2352,"href":"http:\/\/www.durch-die-linse.at\/suedamerika-blog\/wp-json\/wp\/v2\/pages\/2320\/revisions\/2352"}],"wp:attachment":[{"href":"http:\/\/www.durch-die-linse.at\/suedamerika-blog\/wp-json\/wp\/v2\/media?parent=2320"}],"curies":[{"name":"wp","href":"https:\/\/api.w.org\/{rel}","templated":true}]}}